{"id":45,"date":"2023-06-27T18:36:25","date_gmt":"2023-06-27T18:36:25","guid":{"rendered":"https:\/\/tabaradefamilii.ro\/?page_id=45"},"modified":"2023-06-27T18:42:47","modified_gmt":"2023-06-27T18:42:47","slug":"foto-video","status":"publish","type":"page","link":"https:\/\/tabaradefamilii.ro\/index.php\/foto-video\/","title":{"rendered":"foto\/video"},"content":{"rendered":"\n<figure class=\"wp-block-image size-large\"><img loading=\"lazy\" decoding=\"async\" width=\"768\" height=\"1024\" src=\"https:\/\/tabaradefamilii.ro\/wp-content\/uploads\/2023\/06\/atelier-1-768x1024.jpg\" alt=\"\" class=\"wp-image-114\" srcset=\"https:\/\/tabaradefamilii.ro\/wp-content\/uploads\/2023\/06\/atelier-1-768x1024.jpg 768w, https:\/\/tabaradefamilii.ro\/wp-content\/uploads\/2023\/06\/atelier-1-225x300.jpg 225w, https:\/\/tabaradefamilii.ro\/wp-content\/uploads\/2023\/06\/atelier-1.jpg 1152w\" sizes=\"auto, (max-width: 768px) 100vw, 768px\" \/><figcaption class=\"wp-element-caption\">atelier de \u00eemp\u00e2slit<\/figcaption><\/figure>\n\n\n\n<figure class=\"wp-block-image size-large\"><img loading=\"lazy\" decoding=\"async\" width=\"768\" height=\"1024\" src=\"https:\/\/tabaradefamilii.ro\/wp-content\/uploads\/2023\/06\/atelier4-1-768x1024.jpg\" alt=\"\" class=\"wp-image-115\" srcset=\"https:\/\/tabaradefamilii.ro\/wp-content\/uploads\/2023\/06\/atelier4-1-768x1024.jpg 768w, https:\/\/tabaradefamilii.ro\/wp-content\/uploads\/2023\/06\/atelier4-1-225x300.jpg 225w, https:\/\/tabaradefamilii.ro\/wp-content\/uploads\/2023\/06\/atelier4-1.jpg 1152w\" sizes=\"auto, (max-width: 768px) 100vw, 768px\" \/><figcaption class=\"wp-element-caption\">rezultatul<\/figcaption><\/figure>\n\n\n\n<figure class=\"wp-block-image size-large\"><img loading=\"lazy\" decoding=\"async\" width=\"1024\" height=\"461\" src=\"https:\/\/tabaradefamilii.ro\/wp-content\/uploads\/2023\/06\/atelierul-de-gatit-1-1024x461.jpeg\" alt=\"\" class=\"wp-image-116\" srcset=\"https:\/\/tabaradefamilii.ro\/wp-content\/uploads\/2023\/06\/atelierul-de-gatit-1-1024x461.jpeg 1024w, https:\/\/tabaradefamilii.ro\/wp-content\/uploads\/2023\/06\/atelierul-de-gatit-1-300x135.jpeg 300w, https:\/\/tabaradefamilii.ro\/wp-content\/uploads\/2023\/06\/atelierul-de-gatit-1-768x346.jpeg 768w, https:\/\/tabaradefamilii.ro\/wp-content\/uploads\/2023\/06\/atelierul-de-gatit-1-1536x691.jpeg 1536w, https:\/\/tabaradefamilii.ro\/wp-content\/uploads\/2023\/06\/atelierul-de-gatit-1.jpeg 1600w\" sizes=\"auto, (max-width: 1024px) 100vw, 1024px\" \/><figcaption class=\"wp-element-caption\">atelierul de g\u0103tit<\/figcaption><\/figure>\n\n\n\n<figure class=\"wp-block-image size-large\"><img loading=\"lazy\" decoding=\"async\" width=\"1024\" height=\"768\" src=\"https:\/\/tabaradefamilii.ro\/wp-content\/uploads\/2023\/06\/cantece-1024x768.jpg\" alt=\"\" class=\"wp-image-117\" srcset=\"https:\/\/tabaradefamilii.ro\/wp-content\/uploads\/2023\/06\/cantece-1024x768.jpg 1024w, https:\/\/tabaradefamilii.ro\/wp-content\/uploads\/2023\/06\/cantece-300x225.jpg 300w, https:\/\/tabaradefamilii.ro\/wp-content\/uploads\/2023\/06\/cantece-768x576.jpg 768w, https:\/\/tabaradefamilii.ro\/wp-content\/uploads\/2023\/06\/cantece.jpg 1536w\" sizes=\"auto, (max-width: 1024px) 100vw, 1024px\" \/><figcaption class=\"wp-element-caption\">atelierul de muzic\u0103<\/figcaption><\/figure>\n\n\n\n<figure class=\"wp-block-image size-large\"><img loading=\"lazy\" decoding=\"async\" width=\"461\" height=\"1024\" src=\"https:\/\/tabaradefamilii.ro\/wp-content\/uploads\/2023\/06\/foc1-1-461x1024.jpeg\" alt=\"\" class=\"wp-image-118\" srcset=\"https:\/\/tabaradefamilii.ro\/wp-content\/uploads\/2023\/06\/foc1-1-461x1024.jpeg 461w, https:\/\/tabaradefamilii.ro\/wp-content\/uploads\/2023\/06\/foc1-1-135x300.jpeg 135w, https:\/\/tabaradefamilii.ro\/wp-content\/uploads\/2023\/06\/foc1-1-691x1536.jpeg 691w, https:\/\/tabaradefamilii.ro\/wp-content\/uploads\/2023\/06\/foc1-1.jpeg 720w\" sizes=\"auto, (max-width: 461px) 100vw, 461px\" \/><figcaption class=\"wp-element-caption\">atelierul de muzic\u0103 \u0219i poezie<\/figcaption><\/figure>\n\n\n\n<figure class=\"wp-block-image size-large\"><img loading=\"lazy\" decoding=\"async\" width=\"1024\" height=\"768\" src=\"https:\/\/tabaradefamilii.ro\/wp-content\/uploads\/2023\/06\/in-parau1-1-1024x768.jpeg\" alt=\"\" class=\"wp-image-119\" srcset=\"https:\/\/tabaradefamilii.ro\/wp-content\/uploads\/2023\/06\/in-parau1-1-1024x768.jpeg 1024w, https:\/\/tabaradefamilii.ro\/wp-content\/uploads\/2023\/06\/in-parau1-1-300x225.jpeg 300w, https:\/\/tabaradefamilii.ro\/wp-content\/uploads\/2023\/06\/in-parau1-1-768x576.jpeg 768w, https:\/\/tabaradefamilii.ro\/wp-content\/uploads\/2023\/06\/in-parau1-1.jpeg 1536w\" sizes=\"auto, (max-width: 1024px) 100vw, 1024px\" \/><figcaption class=\"wp-element-caption\">preg\u0103tirea pentru b\u0103t\u0103lia cu ap\u0103<\/figcaption><\/figure>\n\n\n\n<figure class=\"wp-block-image size-large\"><img loading=\"lazy\" decoding=\"async\" width=\"1024\" height=\"768\" src=\"https:\/\/tabaradefamilii.ro\/wp-content\/uploads\/2023\/06\/bataie-cu-apa-2-1024x768.jpeg\" alt=\"\" class=\"wp-image-120\" srcset=\"https:\/\/tabaradefamilii.ro\/wp-content\/uploads\/2023\/06\/bataie-cu-apa-2-1024x768.jpeg 1024w, https:\/\/tabaradefamilii.ro\/wp-content\/uploads\/2023\/06\/bataie-cu-apa-2-300x225.jpeg 300w, https:\/\/tabaradefamilii.ro\/wp-content\/uploads\/2023\/06\/bataie-cu-apa-2-768x576.jpeg 768w, https:\/\/tabaradefamilii.ro\/wp-content\/uploads\/2023\/06\/bataie-cu-apa-2.jpeg 1536w\" sizes=\"auto, (max-width: 1024px) 100vw, 1024px\" \/><figcaption class=\"wp-element-caption\">foc \u00eencruci\u0219at<\/figcaption><\/figure>\n\n\n\n<figure class=\"wp-block-image size-large\"><img loading=\"lazy\" decoding=\"async\" width=\"1024\" height=\"768\" src=\"https:\/\/tabaradefamilii.ro\/wp-content\/uploads\/2023\/06\/joc5-1-1024x768.jpeg\" alt=\"\" class=\"wp-image-121\" srcset=\"https:\/\/tabaradefamilii.ro\/wp-content\/uploads\/2023\/06\/joc5-1-1024x768.jpeg 1024w, https:\/\/tabaradefamilii.ro\/wp-content\/uploads\/2023\/06\/joc5-1-300x225.jpeg 300w, https:\/\/tabaradefamilii.ro\/wp-content\/uploads\/2023\/06\/joc5-1-768x576.jpeg 768w, https:\/\/tabaradefamilii.ro\/wp-content\/uploads\/2023\/06\/joc5-1-1536x1152.jpeg 1536w, https:\/\/tabaradefamilii.ro\/wp-content\/uploads\/2023\/06\/joc5-1.jpeg 1600w\" sizes=\"auto, (max-width: 1024px) 100vw, 1024px\" \/><figcaption class=\"wp-element-caption\">jocuri<\/figcaption><\/figure>\n\n\n\n<figure class=\"wp-block-image size-large\"><img loading=\"lazy\" decoding=\"async\" width=\"768\" height=\"1024\" src=\"https:\/\/tabaradefamilii.ro\/wp-content\/uploads\/2023\/06\/la-valtori-1-768x1024.jpeg\" alt=\"\" class=\"wp-image-122\" srcset=\"https:\/\/tabaradefamilii.ro\/wp-content\/uploads\/2023\/06\/la-valtori-1-768x1024.jpeg 768w, https:\/\/tabaradefamilii.ro\/wp-content\/uploads\/2023\/06\/la-valtori-1-225x300.jpeg 225w, https:\/\/tabaradefamilii.ro\/wp-content\/uploads\/2023\/06\/la-valtori-1.jpeg 1152w\" sizes=\"auto, (max-width: 768px) 100vw, 768px\" \/><figcaption class=\"wp-element-caption\">la v\u00e2ltori<\/figcaption><\/figure>\n\n\n\n<figure class=\"wp-block-image size-large\"><img loading=\"lazy\" decoding=\"async\" width=\"1024\" height=\"472\" src=\"https:\/\/tabaradefamilii.ro\/wp-content\/uploads\/2023\/06\/parau-2-biciclete-2-1024x472.jpeg\" alt=\"\" class=\"wp-image-123\" srcset=\"https:\/\/tabaradefamilii.ro\/wp-content\/uploads\/2023\/06\/parau-2-biciclete-2-1024x472.jpeg 1024w, https:\/\/tabaradefamilii.ro\/wp-content\/uploads\/2023\/06\/parau-2-biciclete-2-300x138.jpeg 300w, https:\/\/tabaradefamilii.ro\/wp-content\/uploads\/2023\/06\/parau-2-biciclete-2-768x354.jpeg 768w, https:\/\/tabaradefamilii.ro\/wp-content\/uploads\/2023\/06\/parau-2-biciclete-2-1536x708.jpeg 1536w, https:\/\/tabaradefamilii.ro\/wp-content\/uploads\/2023\/06\/parau-2-biciclete-2.jpeg 1600w\" sizes=\"auto, (max-width: 1024px) 100vw, 1024px\" \/><figcaption class=\"wp-element-caption\">la p\u00e2r\u00e2u<\/figcaption><\/figure>\n\n\n\n<figure class=\"wp-block-image size-large\"><img loading=\"lazy\" decoding=\"async\" width=\"1024\" height=\"472\" src=\"https:\/\/tabaradefamilii.ro\/wp-content\/uploads\/2023\/06\/parau1-2-1024x472.jpeg\" alt=\"\" class=\"wp-image-124\" srcset=\"https:\/\/tabaradefamilii.ro\/wp-content\/uploads\/2023\/06\/parau1-2-1024x472.jpeg 1024w, https:\/\/tabaradefamilii.ro\/wp-content\/uploads\/2023\/06\/parau1-2-300x138.jpeg 300w, https:\/\/tabaradefamilii.ro\/wp-content\/uploads\/2023\/06\/parau1-2-768x354.jpeg 768w, https:\/\/tabaradefamilii.ro\/wp-content\/uploads\/2023\/06\/parau1-2-1536x708.jpeg 1536w, https:\/\/tabaradefamilii.ro\/wp-content\/uploads\/2023\/06\/parau1-2.jpeg 1600w\" sizes=\"auto, (max-width: 1024px) 100vw, 1024px\" \/><figcaption class=\"wp-element-caption\">\u00een p\u00e2r\u00e2u<\/figcaption><\/figure>\n\n\n\n<figure class=\"wp-block-image size-large\"><img loading=\"lazy\" decoding=\"async\" width=\"1024\" height=\"472\" src=\"https:\/\/tabaradefamilii.ro\/wp-content\/uploads\/2023\/06\/parc-aventura-2-1024x472.jpeg\" alt=\"\" class=\"wp-image-125\" srcset=\"https:\/\/tabaradefamilii.ro\/wp-content\/uploads\/2023\/06\/parc-aventura-2-1024x472.jpeg 1024w, https:\/\/tabaradefamilii.ro\/wp-content\/uploads\/2023\/06\/parc-aventura-2-300x138.jpeg 300w, https:\/\/tabaradefamilii.ro\/wp-content\/uploads\/2023\/06\/parc-aventura-2-768x354.jpeg 768w, https:\/\/tabaradefamilii.ro\/wp-content\/uploads\/2023\/06\/parc-aventura-2-1536x708.jpeg 1536w, https:\/\/tabaradefamilii.ro\/wp-content\/uploads\/2023\/06\/parc-aventura-2.jpeg 1600w\" sizes=\"auto, (max-width: 1024px) 100vw, 1024px\" \/><figcaption class=\"wp-element-caption\">parc aventura<\/figcaption><\/figure>\n\n\n\n<figure class=\"wp-block-image size-large\"><img loading=\"lazy\" decoding=\"async\" width=\"528\" height=\"1024\" src=\"https:\/\/tabaradefamilii.ro\/wp-content\/uploads\/2023\/06\/Natalia-adormita-1-528x1024.jpeg\" alt=\"\" class=\"wp-image-126\" srcset=\"https:\/\/tabaradefamilii.ro\/wp-content\/uploads\/2023\/06\/Natalia-adormita-1-528x1024.jpeg 528w, https:\/\/tabaradefamilii.ro\/wp-content\/uploads\/2023\/06\/Natalia-adormita-1-155x300.jpeg 155w, https:\/\/tabaradefamilii.ro\/wp-content\/uploads\/2023\/06\/Natalia-adormita-1-768x1489.jpeg 768w, https:\/\/tabaradefamilii.ro\/wp-content\/uploads\/2023\/06\/Natalia-adormita-1-792x1536.jpeg 792w, https:\/\/tabaradefamilii.ro\/wp-content\/uploads\/2023\/06\/Natalia-adormita-1.jpeg 825w\" sizes=\"auto, (max-width: 528px) 100vw, 528px\" \/><figcaption class=\"wp-element-caption\">aer tare<\/figcaption><\/figure>\n\n\n\n<figure class=\"wp-block-image size-large\"><img loading=\"lazy\" decoding=\"async\" width=\"768\" height=\"1024\" src=\"https:\/\/tabaradefamilii.ro\/wp-content\/uploads\/2023\/06\/soba1-1-768x1024.jpg\" alt=\"\" class=\"wp-image-127\" srcset=\"https:\/\/tabaradefamilii.ro\/wp-content\/uploads\/2023\/06\/soba1-1-768x1024.jpg 768w, https:\/\/tabaradefamilii.ro\/wp-content\/uploads\/2023\/06\/soba1-1-225x300.jpg 225w, https:\/\/tabaradefamilii.ro\/wp-content\/uploads\/2023\/06\/soba1-1.jpg 1152w\" sizes=\"auto, (max-width: 768px) 100vw, 768px\" \/><figcaption class=\"wp-element-caption\">ciorb\u0103&#8230;<\/figcaption><\/figure>\n\n\n\n<figure class=\"wp-block-image size-large\"><img loading=\"lazy\" decoding=\"async\" width=\"576\" height=\"1024\" src=\"https:\/\/tabaradefamilii.ro\/wp-content\/uploads\/2023\/06\/mamaliga2-1-576x1024.jpeg\" alt=\"\" class=\"wp-image-128\" srcset=\"https:\/\/tabaradefamilii.ro\/wp-content\/uploads\/2023\/06\/mamaliga2-1-576x1024.jpeg 576w, https:\/\/tabaradefamilii.ro\/wp-content\/uploads\/2023\/06\/mamaliga2-1-169x300.jpeg 169w, https:\/\/tabaradefamilii.ro\/wp-content\/uploads\/2023\/06\/mamaliga2-1-768x1365.jpeg 768w, https:\/\/tabaradefamilii.ro\/wp-content\/uploads\/2023\/06\/mamaliga2-1-864x1536.jpeg 864w, https:\/\/tabaradefamilii.ro\/wp-content\/uploads\/2023\/06\/mamaliga2-1.jpeg 900w\" sizes=\"auto, (max-width: 576px) 100vw, 576px\" \/><figcaption class=\"wp-element-caption\">&#8230;cu m\u0103m\u0103lig\u0103<\/figcaption><\/figure>\n\n\n\n<figure class=\"wp-block-image size-large\"><img loading=\"lazy\" decoding=\"async\" width=\"1024\" height=\"768\" src=\"https:\/\/tabaradefamilii.ro\/wp-content\/uploads\/2023\/06\/piesa1-2-1024x768.jpg\" alt=\"\" class=\"wp-image-129\" srcset=\"https:\/\/tabaradefamilii.ro\/wp-content\/uploads\/2023\/06\/piesa1-2-1024x768.jpg 1024w, https:\/\/tabaradefamilii.ro\/wp-content\/uploads\/2023\/06\/piesa1-2-300x225.jpg 300w, https:\/\/tabaradefamilii.ro\/wp-content\/uploads\/2023\/06\/piesa1-2-768x576.jpg 768w, https:\/\/tabaradefamilii.ro\/wp-content\/uploads\/2023\/06\/piesa1-2.jpg 1536w\" sizes=\"auto, (max-width: 1024px) 100vw, 1024px\" \/><figcaption class=\"wp-element-caption\">teatru despre vie\u021bi de sfin\u021bi<\/figcaption><\/figure>\n\n\n\n<figure class=\"wp-block-image size-full\"><img loading=\"lazy\" decoding=\"async\" width=\"796\" height=\"594\" src=\"https:\/\/tabaradefamilii.ro\/wp-content\/uploads\/2023\/06\/sfat-de-gatit-1.jpeg\" alt=\"\" class=\"wp-image-130\" srcset=\"https:\/\/tabaradefamilii.ro\/wp-content\/uploads\/2023\/06\/sfat-de-gatit-1.jpeg 796w, https:\/\/tabaradefamilii.ro\/wp-content\/uploads\/2023\/06\/sfat-de-gatit-1-300x224.jpeg 300w, https:\/\/tabaradefamilii.ro\/wp-content\/uploads\/2023\/06\/sfat-de-gatit-1-768x573.jpeg 768w\" sizes=\"auto, (max-width: 796px) 100vw, 796px\" \/><figcaption class=\"wp-element-caption\">la cort e simplu&#8230;<\/figcaption><\/figure>\n\n\n\n<figure class=\"wp-block-image size-large\"><img loading=\"lazy\" decoding=\"async\" width=\"472\" height=\"1024\" src=\"https:\/\/tabaradefamilii.ro\/wp-content\/uploads\/2023\/06\/cafea-de-Dragus-1-472x1024.jpeg\" alt=\"\" class=\"wp-image-131\" srcset=\"https:\/\/tabaradefamilii.ro\/wp-content\/uploads\/2023\/06\/cafea-de-Dragus-1-472x1024.jpeg 472w, https:\/\/tabaradefamilii.ro\/wp-content\/uploads\/2023\/06\/cafea-de-Dragus-1-138x300.jpeg 138w, https:\/\/tabaradefamilii.ro\/wp-content\/uploads\/2023\/06\/cafea-de-Dragus-1-708x1536.jpeg 708w, https:\/\/tabaradefamilii.ro\/wp-content\/uploads\/2023\/06\/cafea-de-Dragus-1.jpeg 738w\" sizes=\"auto, (max-width: 472px) 100vw, 472px\" \/><figcaption class=\"wp-element-caption\">&#8230;sau nu<\/figcaption><\/figure>\n\n\n\n<p><\/p>\n\n\n\n<figure class=\"wp-block-image aligncenter size-large is-resized\"><img loading=\"lazy\" decoding=\"async\" src=\"https:\/\/tabaradefamilii.ro\/wp-content\/uploads\/2023\/06\/logo-moni-1024x365.png\" alt=\"\" class=\"wp-image-134\" width=\"137\" height=\"48\" srcset=\"https:\/\/tabaradefamilii.ro\/wp-content\/uploads\/2023\/06\/logo-moni-1024x365.png 1024w, https:\/\/tabaradefamilii.ro\/wp-content\/uploads\/2023\/06\/logo-moni-300x107.png 300w, https:\/\/tabaradefamilii.ro\/wp-content\/uploads\/2023\/06\/logo-moni-768x274.png 768w, https:\/\/tabaradefamilii.ro\/wp-content\/uploads\/2023\/06\/logo-moni.png 1142w\" sizes=\"auto, (max-width: 137px) 100vw, 137px\" \/><\/figure>\n","protected":false},"excerpt":{"rendered":"","protected":false},"author":2,"featured_media":0,"parent":0,"menu_order":0,"comment_status":"closed","ping_status":"closed","template":"","meta":{"footnotes":""},"class_list":["post-45","page","type-page","status-publish","hentry"],"_links":{"self":[{"href":"https:\/\/tabaradefamilii.ro\/index.php\/wp-json\/wp\/v2\/pages\/45","targetHints":{"allow":["GET"]}}],"collection":[{"href":"https:\/\/tabaradefamilii.ro\/index.php\/wp-json\/wp\/v2\/pages"}],"about":[{"href":"https:\/\/tabaradefamilii.ro\/index.php\/wp-json\/wp\/v2\/types\/page"}],"author":[{"embeddable":true,"href":"https:\/\/tabaradefamilii.ro\/index.php\/wp-json\/wp\/v2\/users\/2"}],"replies":[{"embeddable":true,"href":"https:\/\/tabaradefamilii.ro\/index.php\/wp-json\/wp\/v2\/comments?post=45"}],"version-history":[{"count":2,"href":"https:\/\/tabaradefamilii.ro\/index.php\/wp-json\/wp\/v2\/pages\/45\/revisions"}],"predecessor-version":[{"id":135,"href":"https:\/\/tabaradefamilii.ro\/index.php\/wp-json\/wp\/v2\/pages\/45\/revisions\/135"}],"wp:attachment":[{"href":"https:\/\/tabaradefamilii.ro\/index.php\/wp-json\/wp\/v2\/media?parent=45"}],"curies":[{"name":"wp","href":"https:\/\/api.w.org\/{rel}","templated":true}]}}