{"id":143,"date":"2023-06-27T19:41:13","date_gmt":"2023-06-27T19:41:13","guid":{"rendered":"https:\/\/tabaradefamilii.ro\/?page_id=143"},"modified":"2023-06-27T20:08:25","modified_gmt":"2023-06-27T20:08:25","slug":"locul-de-tabara-info","status":"publish","type":"page","link":"https:\/\/tabaradefamilii.ro\/index.php\/locul-de-tabara-info\/","title":{"rendered":"Locul de tab\u0103r\u0103 &#8211; info"},"content":{"rendered":"\n<p>Intrarea este dup\u0103 Voila, \u00een Olte\u021b la st\u00e2nga cum vii de la Bra\u0219ov, cf indicator din E68.<\/p>\n\n\n\n<p>45\u00b045&#8217;07.6&#8243;N 24\u00b046&#8217;31.8&#8243;E<br><a href=\"https:\/\/maps.app.goo.gl\/ZSdAetXvDYjxgd3U9\">https:\/\/maps.app.goo.gl\/ZSdAetXvDYjxgd3U9<\/a><\/p>\n\n\n\n<p>Nu este \u00een general umbr\u0103, dec\u00e2t dac\u0103 dori\u021bi s\u0103 sta\u021bi la marginea sitului, sub o coam\u0103 de deal, dar \u0219i colo este doar dup\u0103-amiaza.<\/p>\n\n\n\n<figure class=\"wp-block-image\"><img decoding=\"async\" src=\"https:\/\/hranacunoima.ro\/wp-content\/uploads\/2021\/07\/dimineata-devreme.jpg\" alt=\"\" class=\"wp-image-8884\"\/><\/figure>\n\n\n\n<p>Locul este t\u0103iat de un p\u00e2r\u00e2u \u00een care se deverseaz\u0103 apa menajer\u0103 de la ni\u0219te case aflate mai sus, deci dac\u0103 se joac\u0103 \u00een ea copiii, vor fi instrui\u021bi s\u0103 nu bage m\u00e2na \u00een gur\u0103.<\/p>\n\n\n\n<figure class=\"wp-block-image\"><img decoding=\"async\" src=\"https:\/\/hranacunoima.ro\/wp-content\/uploads\/2021\/07\/bicla.jpg\" alt=\"\" class=\"wp-image-8883\"\/><\/figure>\n\n\n\n<p>(Apropo, zona e favorabil\u0103 biciclitului.)<\/p>\n\n\n\n<p>Locul de sc\u0103ldat este la un sfert de or\u0103 dep\u0103rtare, \u00een alt p\u00e2r\u00e2u. Copiii trecu\u021bi de 10 ani se descurc\u0103 foarte bine singuri \u0219i pot fi l\u0103sa\u021bi f\u0103r\u0103 grij\u0103, p\u00e2r\u00e2ul e mic, are un singur loc unde se adun\u0103 ap\u0103, dar \u0219i acolo e pana la br\u00e2u (vezi <a href=\"https:\/\/tabaradefamilii.ro\/index.php\/foto-video\/\">foto\/video<\/a>).<\/p>\n\n\n\n<p>Zona de h\u0103rm\u0103laie este \u00een fa\u021ba unei scene \u00eenalte cam la 1 m, acoperit\u0103.<\/p>\n\n\n\n<p>Pe latura din dreapta acestui spa\u021biu este un sp\u0103l\u0103tor cu mai multe robinete (cine are furtun de gr\u0103din\u0103 \u0219i \u00eel poate pune la dispozi\u021bie pe durata taberei, v\u0103 rog sa semnaleze), un sp\u0103l\u0103tor de vase, dou\u0103 du\u0219uri cu cabin\u0103 (10 cm vizibili \u00een partea de jos)<img loading=\"lazy\" decoding=\"async\" width=\"225\" height=\"300\" src=\"https:\/\/hranacunoima.ro\/wp-content\/uploads\/2021\/07\/dus-225x300.jpeg\" alt=\"\"> \u0219i ap\u0103 cald\u0103 ob\u021binut\u0103 cu panou fotovoltaic \u0219i 4 toalete, din care dou\u0103 bude \u0219i dou\u0103 cu vas de toalet\u0103 \u0219i faian\u021b\u0103 pe jos.&nbsp;<img loading=\"lazy\" decoding=\"async\" width=\"225\" height=\"300\" src=\"https:\/\/hranacunoima.ro\/wp-content\/uploads\/2021\/07\/toalete-225x300.jpeg\" alt=\"\"><\/p>\n\n\n\n<figure class=\"wp-block-image\"><img decoding=\"async\" src=\"https:\/\/hranacunoima.ro\/wp-content\/uploads\/2021\/07\/scena.jpg\" alt=\"\" class=\"wp-image-8887\"\/><\/figure>\n\n\n\n<p>Aici se vede c\u0103 pe scen\u0103 se pot monta leag\u0103ne \u0219i hamace.<\/p>\n\n\n\n<p>De asemenea, se vede unul dintre foi\u0219oare, unde va fi cartierul general.<\/p>\n\n\n\n<figure class=\"wp-block-image\"><img decoding=\"async\" src=\"https:\/\/hranacunoima.ro\/wp-content\/uploads\/2021\/07\/foisor.jpg\" alt=\"\" class=\"wp-image-8885\"\/><\/figure>\n\n\n\n<p>\u00cen sat se g\u0103sesc de toate, v\u0103 ve\u021bi g\u0103si furnizori de lapte, br\u00e2nz\u0103, ou\u0103. Periodic apar \u00een tab\u0103r\u0103 ma\u0219ini cu afine \u0219i zmeur\u0103. Distan\u021ba p\u00e2n\u0103 la F\u0103g\u0103ra\u0219 este de 22 de km (20 de min), p\u00e2n\u0103 la Sibiu este de 62 de km (53 de min), iar distan\u021ba p\u00e2n\u0103 la Ia\u0219i este de 19 km (glumeam pe jum\u0103tate, avem Ia\u0219i \u00een jude\u021bul Bv).<\/p>\n\n\n\n<div class=\"wp-block-buttons is-layout-flex wp-block-buttons-is-layout-flex\">\n<div class=\"wp-block-button\"><a class=\"wp-block-button__link wp-element-button\" href=\"https:\/\/forms.gle\/apZyVgKxaVSmh93y8\">\u00censcrie-te aici<\/a><\/div>\n<\/div>\n\n\n\n<p><strong>S\u0103 ne vedem s\u0103n\u0103to\u0219i!<\/strong><\/p>\n","protected":false},"excerpt":{"rendered":"<p>Intrarea este dup\u0103 Voila, \u00een Olte\u021b la st\u00e2nga cum vii de la Bra\u0219ov, cf indicator din E68. 45\u00b045&#8217;07.6&#8243;N 24\u00b046&#8217;31.8&#8243;Ehttps:\/\/maps.app.goo.gl\/ZSdAetXvDYjxgd3U9 Nu este \u00een general umbr\u0103, dec\u00e2t dac\u0103 dori\u021bi s\u0103 sta\u021bi la marginea sitului, sub o coam\u0103 de deal, dar \u0219i colo este doar dup\u0103-amiaza. Locul este t\u0103iat de un p\u00e2r\u00e2u \u00een care se deverseaz\u0103 apa menajer\u0103 [&hellip;]<\/p>\n","protected":false},"author":2,"featured_media":0,"parent":0,"menu_order":0,"comment_status":"closed","ping_status":"closed","template":"","meta":{"footnotes":""},"class_list":["post-143","page","type-page","status-publish","hentry"],"_links":{"self":[{"href":"https:\/\/tabaradefamilii.ro\/index.php\/wp-json\/wp\/v2\/pages\/143","targetHints":{"allow":["GET"]}}],"collection":[{"href":"https:\/\/tabaradefamilii.ro\/index.php\/wp-json\/wp\/v2\/pages"}],"about":[{"href":"https:\/\/tabaradefamilii.ro\/index.php\/wp-json\/wp\/v2\/types\/page"}],"author":[{"embeddable":true,"href":"https:\/\/tabaradefamilii.ro\/index.php\/wp-json\/wp\/v2\/users\/2"}],"replies":[{"embeddable":true,"href":"https:\/\/tabaradefamilii.ro\/index.php\/wp-json\/wp\/v2\/comments?post=143"}],"version-history":[{"count":2,"href":"https:\/\/tabaradefamilii.ro\/index.php\/wp-json\/wp\/v2\/pages\/143\/revisions"}],"predecessor-version":[{"id":146,"href":"https:\/\/tabaradefamilii.ro\/index.php\/wp-json\/wp\/v2\/pages\/143\/revisions\/146"}],"wp:attachment":[{"href":"https:\/\/tabaradefamilii.ro\/index.php\/wp-json\/wp\/v2\/media?parent=143"}],"curies":[{"name":"wp","href":"https:\/\/api.w.org\/{rel}","templated":true}]}}