{"id":141,"date":"2023-06-27T19:06:43","date_gmt":"2023-06-27T19:06:43","guid":{"rendered":"https:\/\/tabaradefamilii.ro\/?page_id=141"},"modified":"2023-06-27T19:06:43","modified_gmt":"2023-06-27T19:06:43","slug":"liste","status":"publish","type":"page","link":"https:\/\/tabaradefamilii.ro\/index.php\/liste\/","title":{"rendered":"Liste"},"content":{"rendered":"\n<p>Pentru buc\u0103t\u0103rie \u0219i baie (alege\u021bi ce vi se potrive\u0219te)<\/p>\n\n\n\n<ul class=\"wp-block-list\">\n<li>farfurii de tabl\u0103<\/li>\n\n\n\n<li>c\u0103ni de tabl\u0103<\/li>\n\n\n\n<li>tac\u00e2muri<\/li>\n\n\n\n<li>polonic mic<\/li>\n\n\n\n<li>tel mic<\/li>\n\n\n\n<li>sit\u0103<\/li>\n\n\n\n<li>fund<\/li>\n\n\n\n<li>fierb\u0103tor<\/li>\n\n\n\n<li>plit\u0103 sau primus<\/li>\n\n\n\n<li>2 oale si un ibric<\/li>\n\n\n\n<li>tigaie<\/li>\n\n\n\n<li>prosoape de buc\u0103t\u0103rie \u0219i \u0219erve\u021bele<\/li>\n\n\n\n<li>substan\u021be de sp\u0103lat, puse \u00een recipiente mici<\/li>\n\n\n\n<li>burete, lavet\u0103<\/li>\n\n\n\n<li>lighean ad\u00e2nc (moale)<\/li>\n\n\n\n<li>capac de plas\u0103, antiinsecte\/ folie alimentar\u0103<\/li>\n\n\n\n<li>pungi de gunoi \u0219i de senvi\u0219<\/li>\n\n\n\n<li>caserole<\/li>\n<\/ul>\n\n\n\n<p>Pentru timp productiv<\/p>\n\n\n\n<ul class=\"wp-block-list\">\n<li>leag\u0103ne, hamace<\/li>\n\n\n\n<li>biciclete<\/li>\n\n\n\n<li>mingi, jocuri<\/li>\n\n\n\n<li>lope\u021bi pt nisip, g\u0103letu\u0219e<\/li>\n\n\n\n<li>jocuri de mas\u0103<\/li>\n\n\n\n<li>p\u00e2nze vechi<\/li>\n\n\n\n<li>foarfeci<\/li>\n\n\n\n<li>cro\u0219ete, andrele, fire<\/li>\n\n\n\n<li>ace \u0219i a\u021be<\/li>\n\n\n\n<li>p\u00e2nze vechi<\/li>\n\n\n\n<li>tricouri p\u0103tate\/ vechi\/ \u00eentr-o culoare<\/li>\n\n\n\n<li>c\u0103ni de sticl\u0103 (Pepco)<\/li>\n<\/ul>\n\n\n\n<p>Pentru cort<\/p>\n\n\n\n<ul class=\"wp-block-list\">\n<li>prelungitor<\/li>\n\n\n\n<li>cutii de plastic cu capac pentru depozitare (tac\u00e2muri; farfurii etc)<\/li>\n\n\n\n<li>S-uri pentru ag\u0103\u021bat obiecte prin copaci<\/li>\n\n\n\n<li>funie pentru haine<\/li>\n\n\n\n<li>baterii<\/li>\n\n\n\n<li>lamp\u0103<\/li>\n\n\n\n<li>lantern\u0103, frontal\u0103<\/li>\n\n\n\n<li>umbrar\/ umbrel\u0103\/ semicort<\/li>\n\n\n\n<li>izopren vechi<\/li>\n\n\n\n<li>optional folie de plastic<\/li>\n\n\n\n<li>pelerin\u0103, cizme<\/li>\n\n\n\n<li>p\u0103stra\u021bi peturile<\/li>\n\n\n\n<li>c\u0103ciul\u0103, op\u021bional \u0219osete de l\u00e2n\u0103<\/li>\n<\/ul>\n\n\n\n<p>Pentru drume\u021bie<\/p>\n\n\n\n<ul class=\"wp-block-list\">\n<li>bri\u0219c\u0103<\/li>\n\n\n\n<li>busol\u0103<\/li>\n\n\n\n<li>\u0219apc\u0103\/ p\u0103l\u0103rie<\/li>\n\n\n\n<li>pantaloni lungi care se usuc\u0103 rpd<\/li>\n\n\n\n<li>foi\u021b\u0103<\/li>\n\n\n\n<li>pix \u0219i carne\u021bel<\/li>\n\n\n\n<li>fluier<\/li>\n\n\n\n<li>sticl\u0103 pt ap\u0103<\/li>\n\n\n\n<li>alifie chinezeasc\u0103 antiinsecte\/ solu\u021bie antic\u0103pu\u0219e<\/li>\n\n\n\n<li>op\u021bional dispozitiv antic\u00e2ine (cu ultrasunete, d\u0103 Doamne s\u0103 nu fie surd)<\/li>\n\n\n\n<li>op\u021bional ochelari de soare<\/li>\n<\/ul>\n\n\n\n<p>Pentru pus la gr\u0103mad\u0103<\/p>\n\n\n\n<ol class=\"wp-block-list\">\n<li>creioane, ascu\u021bitoare, gum\u0103, h\u00e2rtie colorat\u0103, pensule, creioane de cear\u0103<\/li>\n\n\n\n<li>carioci uscate, vopsele vechi<\/li>\n\n\n\n<li>op\u021bional bloc de desen<\/li>\n\n\n\n<li>agrafe, piuneze, elastice, clipsuri, s-uri, c\u00e2rlige<\/li>\n\n\n\n<li>ruj vechi, periu\u021be vechi<\/li>\n\n\n\n<li>recipiente mici<\/li>\n\n\n\n<li>colorant alimentar<\/li>\n\n\n\n<li>be\u021be de frig\u0103rui<\/li>\n\n\n\n<li>pungi cu fermoar<\/li>\n\n\n\n<li>recipiente cu inel pt baloane de s\u0103pun<\/li>\n\n\n\n<li>s\u0103pun lichid<\/li>\n\n\n\n<li>forme mici de silicon, inclusiv pop-it<\/li>\n\n\n\n<li>resturi de cear\u0103, fitil\/fir de bumbac, staniol, sclipici<\/li>\n\n\n\n<li>aracet, dac\u0103 ave\u021bi resturi prin cas\u0103, lipici, scoci, h\u00e2rtie, carton, h\u00e2rtie colorat\u0103, creponat\u0103<\/li>\n\n\n\n<li>idei de filme pentru copii (exclus Disney, Pixar treac\u0103-mearg\u0103, preferabil independen\u021bi sau neamericani)<\/li>\n\n\n\n<li>e\u0219arfe vechi sau metraj vaporos<\/li>\n<\/ol>\n\n\n\n<p>Altele:<\/p>\n\n\n\n<ol class=\"wp-block-list\" start=\"17\">\n<li>flipchart + foi + carioci<\/li>\n\n\n\n<li>jocuri, hamace, leag\u0103ne, cordelin\u0103, pad-uri de izopren de stat pe jos c\u0103 \u00een foi\u0219oare e ciment.<\/li>\n\n\n\n<li>de filmat, de pozat.<\/li>\n<\/ol>\n\n\n\n<p>M\u00e2ncare: sare, zah\u0103r, miere, f\u0103in\u0103, orez, m\u0103lai, conserve de leguminoase, paste de post, varz\u0103, morcovi, ceap\u0103, usturoi, cartofi, \u021belin\u0103-p\u0103trunjel-p\u0103st\u00e2rnac, ardei, castrave\u021bi, cimbru, hrean, bulion, mustar, fulgi de cartofi\/fasole. Semin\u021be, fructe uscate. Vom mura varz\u0103, pute\u021bi lua borcane.<\/p>\n\n\n\n<p>Necesar pentru repara\u021bii \u0219i instala\u021bii:<\/p>\n\n\n\n<ul class=\"wp-block-list\">\n<li>folie pentru foi\u0219orul principal<\/li>\n\n\n\n<li>fr\u00e2nghie, sfoar\u0103 si cuie<\/li>\n\n\n\n<li>metraj pentru leag\u0103ne<\/li>\n\n\n\n<li>h\u00e2rle\u021b pentru s\u0103pat gropi (cuptorul, c\u0103mara)<\/li>\n<\/ul>\n","protected":false},"excerpt":{"rendered":"<p>Pentru buc\u0103t\u0103rie \u0219i baie (alege\u021bi ce vi se potrive\u0219te) Pentru timp productiv Pentru cort Pentru drume\u021bie Pentru pus la gr\u0103mad\u0103 Altele: M\u00e2ncare: sare, zah\u0103r, miere, f\u0103in\u0103, orez, m\u0103lai, conserve de leguminoase, paste de post, varz\u0103, morcovi, ceap\u0103, usturoi, cartofi, \u021belin\u0103-p\u0103trunjel-p\u0103st\u00e2rnac, ardei, castrave\u021bi, cimbru, hrean, bulion, mustar, fulgi de cartofi\/fasole. Semin\u021be, fructe uscate. Vom mura varz\u0103, [&hellip;]<\/p>\n","protected":false},"author":2,"featured_media":0,"parent":0,"menu_order":0,"comment_status":"closed","ping_status":"closed","template":"","meta":{"footnotes":""},"class_list":["post-141","page","type-page","status-publish","hentry"],"_links":{"self":[{"href":"https:\/\/tabaradefamilii.ro\/index.php\/wp-json\/wp\/v2\/pages\/141","targetHints":{"allow":["GET"]}}],"collection":[{"href":"https:\/\/tabaradefamilii.ro\/index.php\/wp-json\/wp\/v2\/pages"}],"about":[{"href":"https:\/\/tabaradefamilii.ro\/index.php\/wp-json\/wp\/v2\/types\/page"}],"author":[{"embeddable":true,"href":"https:\/\/tabaradefamilii.ro\/index.php\/wp-json\/wp\/v2\/users\/2"}],"replies":[{"embeddable":true,"href":"https:\/\/tabaradefamilii.ro\/index.php\/wp-json\/wp\/v2\/comments?post=141"}],"version-history":[{"count":1,"href":"https:\/\/tabaradefamilii.ro\/index.php\/wp-json\/wp\/v2\/pages\/141\/revisions"}],"predecessor-version":[{"id":142,"href":"https:\/\/tabaradefamilii.ro\/index.php\/wp-json\/wp\/v2\/pages\/141\/revisions\/142"}],"wp:attachment":[{"href":"https:\/\/tabaradefamilii.ro\/index.php\/wp-json\/wp\/v2\/media?parent=141"}],"curies":[{"name":"wp","href":"https:\/\/api.w.org\/{rel}","templated":true}]}}